{"id":4733,"date":"2021-02-03T15:26:07","date_gmt":"2021-02-03T14:26:07","guid":{"rendered":"https:\/\/hollenberglightart.com\/?page_id=4733"},"modified":"2025-07-16T16:56:15","modified_gmt":"2025-07-16T14:56:15","slug":"agb","status":"publish","type":"page","link":"https:\/\/hollenberglightart.com\/de\/agb\/","title":{"rendered":"Allgemeine Gesch\u00e4ftsbedingungen"},"content":{"rendered":"<p><\/p><div class=\"fusion-fullwidth fullwidth-box fusion-builder-row-1 nonhundred-percent-fullwidth non-hundred-percent-height-scrolling\" style=\"--awb-border-radius-top-left:0px;--awb-border-radius-top-right:0px;--awb-border-radius-bottom-right:0px;--awb-border-radius-bottom-left:0px;--awb-padding-top:0px;--awb-padding-right:0px;--awb-padding-bottom:0px;--awb-padding-left:0px;--awb-margin-top:0px;--awb-margin-bottom:0px;--awb-flex-wrap:wrap;\"><div class=\"fusion-builder-row fusion-row\"><div class=\"fusion-layout-column fusion_builder_column fusion-builder-column-0 fusion_builder_column_1_6 1_6 fusion-one-sixth fusion-column-first\" style=\"--awb-bg-size:cover;--awb-margin-bottom:0px;width:13.3333%; margin-right: 4%;\"><div class=\"fusion-column-wrapper fusion-flex-column-wrapper-legacy\"><div class=\"fusion-clearfix\"><\/div><\/div><\/div><div class=\"fusion-layout-column fusion_builder_column fusion-builder-column-1 fusion_builder_column_5_6 5_6 fusion-five-sixth fusion-column-last\" style=\"--awb-bg-size:cover;--awb-margin-bottom:0px;width:82.6666%;\"><div class=\"fusion-column-wrapper fusion-flex-column-wrapper-legacy\"><div class=\"fusion-text fusion-text-1\"><h1>Allgemeine Gesch\u00e4ftsbedingungen<\/h1>\n<\/div><div class=\"fusion-clearfix\"><\/div><\/div><\/div><\/div><\/div><div class=\"fusion-fullwidth fullwidth-box fusion-builder-row-2 nonhundred-percent-fullwidth non-hundred-percent-height-scrolling fusion-equal-height-columns\" style=\"--awb-border-radius-top-left:0px;--awb-border-radius-top-right:0px;--awb-border-radius-bottom-right:0px;--awb-border-radius-bottom-left:0px;--awb-padding-top:0px;--awb-padding-right:0px;--awb-padding-bottom:0px;--awb-padding-left:0px;--awb-margin-top:40px;--awb-margin-bottom:0px;--awb-background-color:rgba(0,0,0,0);--awb-flex-wrap:wrap;\"><div class=\"fusion-builder-row fusion-row\"><div class=\"fusion-layout-column fusion_builder_column fusion-builder-column-2 fusion_builder_column_1_6 1_6 fusion-one-sixth fusion-column-first\" style=\"--awb-bg-size:cover;--awb-margin-bottom:0px;width:13.3333%; margin-right: 4%;\"><div class=\"fusion-column-wrapper fusion-flex-column-wrapper-legacy\"><div class=\"fusion-clearfix\"><\/div><\/div><\/div><div class=\"fusion-layout-column fusion_builder_column fusion-builder-column-3 fusion_builder_column_5_6 5_6 fusion-five-sixth fusion-column-last\" style=\"--awb-padding-top:10px;--awb-padding-right:20px;--awb-padding-left:20px;--awb-bg-color:#282828;--awb-bg-color-hover:#282828;--awb-bg-size:cover;width:82.6666%;\"><div class=\"fusion-column-wrapper fusion-flex-column-wrapper-legacy\"><div class=\"fusion-text fusion-text-2\"><ul>\n<li><strong>1 Ver\u00adtragsab\u00adschluss <\/strong><\/li>\n<\/ul>\n<ol>\n<li>Ein Ver\u00adtrag zwis\u00adchen Hol\u00adlen\u00adberg und dem Kun\u00adden oder ein\u00ader vertre\u00adtenden Agen\u00adtur, kommt durch die Anzahlung im Rah\u00admen eines ange\u00adsproch\u00adenen Auf\u00adtrages Zus\u00adtande. Die Anzahlung des Kun\u00adden liegt in der Regel bei 50% \u2013 min\u00addestens jedoch 20%.<br>\n<strong>Falls nach \u00fcber 4 Wochen immer noch kein finaler Auf\u00adtrag erteilt sowie von Hol\u00adlen\u00adberg der Eventzeitraum freige\u00adhal\u00adten<\/strong> <strong>wurde, wer\u00adden 25% vom geplanten Bud\u00adget, mit einem Zahlungsziel von 2 Wochen in Rech\u00adnung gestellt.<\/strong><\/li>\n<li>Nach der Anzahlung f\u00fchrt Hol\u00adlen\u00adberg alle erforder\u00adlichen weit\u00aderen Arbeit\u00aden durch und plant auch mit Sub\u00addi\u00aden\u00adstleis\u00adtern ein opti\u00admales Ergebnis.<\/li>\n<li>Nebenabre\u00adden, wie R\u00fcck\u00adtrittserk\u00adl\u00e4run\u00adgen \/ Stornos bed\u00fcr\u00adfen zu ihrer Wirk\u00adsamkeit der Schrift\u00adform von Anfang an.<\/li>\n<\/ol>\n<ul>\n<li><strong>2&nbsp;Ent\u00adgeltliche Pla\u00adnun\u00adgen &amp; Besichtigungen<\/strong><\/li>\n<\/ul>\n<ol>\n<li>Bei geplanten Auftr\u00e4\u00adgen mit einem Gesamtvol\u00adu\u00admen von mehr als 4.000 \u20ac berech\u00adnet Hol\u00adlen\u00adberg f\u00fcr die Pla\u00adnung eine Geb\u00fchr f\u00fcr die Konzep\u00adtion des Events von 25% des Gesamtvol\u00adu\u00admens. Diese wird bei der Schlusszahlung des Auf\u00adtrages angerechnet.<\/li>\n<li>Besich\u00adti\u00adgun\u00adgen und Pla\u00adnungstage wer\u00adden mit ein\u00ader Pauschale von je 750 \u20ac berech\u00adnet. Diese und damit ent\u00adstandene Kosten, wer\u00adden angerech\u00adnet sobald der Auf\u00adtrag zur Endabrech\u00adnung&nbsp;kommt.<\/li>\n<\/ol>\n<ul>\n<li><strong>3&nbsp;Ter\u00admin\u00adver\u00adschiebung &amp; Stornobedingungen<\/strong><\/li>\n<\/ul>\n<ol>\n<li>Falls der Kunde oder die vertre\u00adtenden Agen\u00adtur, einen vere\u00adin\u00adbarten Ter\u00admin ver\u00adschiebt, bietet Hol\u00adlen\u00adberg dies kosten\u00adfrei an. Sollte ein Ter\u00admin nochmals ver\u00adschoben wer\u00adden, sind 5% vom Auf\u00adtragsvol\u00adu\u00admen zus\u00e4t\u00adzlich f\u00e4llig.<\/li>\n<li>Wenn der Kunde oder die vertre\u00adtenden Agen\u00adtur, den vere\u00adin\u00adbarten Auf\u00adtrag mehr als sechs Wochen sp\u00e4ter stornieren sollte und keine weit\u00aderen ange\u00adbote\u00adnen Leis\u00adtun\u00adgen von Hol\u00adlen\u00adberg genutzt wer\u00adden, gibt es keinen Anspruch auf die R\u00fcck\u00adzahlung der geleis\u00adteten Anzahlung zum Vertragsabschluss.<\/li>\n<\/ol>\n<ul>\n<li><strong>4&nbsp;Gerichts\u00adstand<\/strong><\/li>\n<\/ul>\n<ol>\n<li>a) F\u00fcr s\u00e4mtliche Rechts\u00adbeziehun\u00adgen zwis\u00adchen dem Kun\u00adden und \/ oder ein\u00ader vertre\u00adtenden Agen\u00adtur gilt auss\u00adchlie\u00dflich das Recht der Bun\u00addesre\u00adpub\u00adlik Deutschland.<\/li>\n<li>b)&nbsp;Der Gerichts\u00adstand f\u00fcr s\u00e4mtliche Anspr\u00fcche ist&nbsp;Neuss.<\/li>\n<\/ol>\n<\/div><div class=\"fusion-clearfix\"><\/div><\/div><\/div><\/div><\/div>\n","protected":false},"excerpt":{"rendered":"","protected":false},"author":5,"featured_media":0,"parent":0,"menu_order":0,"comment_status":"closed","ping_status":"closed","template":"","meta":{"wp_typography_post_enhancements_disabled":false,"footnotes":""},"class_list":["post-4733","page","type-page","status-publish","hentry"],"yoast_head":"<!-- This site is optimized with the Yoast SEO plugin v26.6 - https:\/\/yoast.com\/wordpress\/plugins\/seo\/ -->\n<title>AGB \u2022 Light Art Stefan Hollenberg \u2022 Lichtkunst \u2022 Illuminationen<\/title>\n<meta name=\"description\" content=\"AGB \u2022 Light Art Stefan Hollenberg \u2022 International bekannter Lichtk\u00fcnstler +49 172 2424 877 \u2022 Company Event \u2022 Illuminationen \u2022 Projektionen\" \/>\n<meta name=\"robots\" content=\"index, follow, max-snippet:-1, max-image-preview:large, max-video-preview:-1\" \/>\n<link rel=\"canonical\" href=\"https:\/\/hollenberglightart.com\/de\/agb\/\" \/>\n<meta property=\"og:locale\" content=\"de_DE\" \/>\n<meta property=\"og:type\" content=\"article\" \/>\n<meta property=\"og:title\" content=\"AGB \u2022 Light Art Stefan Hollenberg \u2022 Lichtkunst \u2022 Illuminationen\" \/>\n<meta property=\"og:description\" content=\"AGB \u2022 Light Art Stefan Hollenberg \u2022 International bekannter Lichtk\u00fcnstler +49 172 2424 877 \u2022 Company Event \u2022 Illuminationen \u2022 Projektionen\" \/>\n<meta property=\"og:url\" content=\"https:\/\/hollenberglightart.com\/de\/agb\/\" \/>\n<meta property=\"og:site_name\" content=\"Hollenberg Light Art\" \/>\n<meta property=\"article:modified_time\" content=\"2025-07-16T14:56:15+00:00\" \/>\n<meta name=\"twitter:card\" content=\"summary_large_image\" \/>\n<meta name=\"twitter:label1\" content=\"Gesch\u00e4tzte Lesezeit\" \/>\n\t<meta name=\"twitter:data1\" content=\"2\u00a0Minuten\" \/>\n<script type=\"application\/ld+json\" class=\"yoast-schema-graph\">{\"@context\":\"https:\/\/schema.org\",\"@graph\":[{\"@type\":\"WebPage\",\"@id\":\"https:\/\/hollenberglightart.com\/de\/agb\/\",\"url\":\"https:\/\/hollenberglightart.com\/de\/agb\/\",\"name\":\"AGB \u2022 Light Art Stefan Hollenberg \u2022 Lichtkunst \u2022 Illuminationen\",\"isPartOf\":{\"@id\":\"https:\/\/hollenberglightart.com\/de\/#website\"},\"datePublished\":\"2021-02-03T14:26:07+00:00\",\"dateModified\":\"2025-07-16T14:56:15+00:00\",\"description\":\"AGB \u2022 Light Art Stefan Hollenberg \u2022 International bekannter Lichtk\u00fcnstler +49 172 2424 877 \u2022 Company Event \u2022 Illuminationen \u2022 Projektionen\",\"breadcrumb\":{\"@id\":\"https:\/\/hollenberglightart.com\/de\/agb\/#breadcrumb\"},\"inLanguage\":\"de\",\"potentialAction\":[{\"@type\":\"ReadAction\",\"target\":[\"https:\/\/hollenberglightart.com\/de\/agb\/\"]}]},{\"@type\":\"BreadcrumbList\",\"@id\":\"https:\/\/hollenberglightart.com\/de\/agb\/#breadcrumb\",\"itemListElement\":[{\"@type\":\"ListItem\",\"position\":1,\"name\":\"Startseite\",\"item\":\"https:\/\/hollenberglightart.com\/de\/\"},{\"@type\":\"ListItem\",\"position\":2,\"name\":\"Allgemeine Gesch\u00e4ftsbedingungen\"}]},{\"@type\":\"WebSite\",\"@id\":\"https:\/\/hollenberglightart.com\/de\/#website\",\"url\":\"https:\/\/hollenberglightart.com\/de\/\",\"name\":\"Hollenberg Light Art\",\"description\":\"International Light Artist  Lichtk\u00fcnstler Lichtkunst\",\"publisher\":{\"@id\":\"https:\/\/hollenberglightart.com\/de\/#organization\"},\"potentialAction\":[{\"@type\":\"SearchAction\",\"target\":{\"@type\":\"EntryPoint\",\"urlTemplate\":\"https:\/\/hollenberglightart.com\/de\/?s={search_term_string}\"},\"query-input\":{\"@type\":\"PropertyValueSpecification\",\"valueRequired\":true,\"valueName\":\"search_term_string\"}}],\"inLanguage\":\"de\"},{\"@type\":\"Organization\",\"@id\":\"https:\/\/hollenberglightart.com\/de\/#organization\",\"name\":\"Hollenberg Light Art\",\"url\":\"https:\/\/hollenberglightart.com\/de\/\",\"logo\":{\"@type\":\"ImageObject\",\"inLanguage\":\"de\",\"@id\":\"https:\/\/hollenberglightart.com\/de\/#\/schema\/logo\/image\/\",\"url\":\"https:\/\/hollenberglightart.com\/wp-content\/uploads\/2019\/02\/Hollenberg-Light-Art-Logo-300.png\",\"contentUrl\":\"https:\/\/hollenberglightart.com\/wp-content\/uploads\/2019\/02\/Hollenberg-Light-Art-Logo-300.png\",\"width\":300,\"height\":84,\"caption\":\"Hollenberg Light Art\"},\"image\":{\"@id\":\"https:\/\/hollenberglightart.com\/de\/#\/schema\/logo\/image\/\"}}]}<\/script>\n<!-- \/ Yoast SEO plugin. -->","yoast_head_json":{"title":"AGB \u2022 Light Art Stefan Hollenberg \u2022 Lichtkunst \u2022 Illuminationen","description":"AGB \u2022 Light Art Stefan Hollenberg \u2022 International bekannter Lichtk\u00fcnstler +49 172 2424 877 \u2022 Company Event \u2022 Illuminationen \u2022 Projektionen","robots":{"index":"index","follow":"follow","max-snippet":"max-snippet:-1","max-image-preview":"max-image-preview:large","max-video-preview":"max-video-preview:-1"},"canonical":"https:\/\/hollenberglightart.com\/de\/agb\/","og_locale":"de_DE","og_type":"article","og_title":"AGB \u2022 Light Art Stefan Hollenberg \u2022 Lichtkunst \u2022 Illuminationen","og_description":"AGB \u2022 Light Art Stefan Hollenberg \u2022 International bekannter Lichtk\u00fcnstler +49 172 2424 877 \u2022 Company Event \u2022 Illuminationen \u2022 Projektionen","og_url":"https:\/\/hollenberglightart.com\/de\/agb\/","og_site_name":"Hollenberg Light Art","article_modified_time":"2025-07-16T14:56:15+00:00","twitter_card":"summary_large_image","twitter_misc":{"Gesch\u00e4tzte Lesezeit":"2\u00a0Minuten"},"schema":{"@context":"https:\/\/schema.org","@graph":[{"@type":"WebPage","@id":"https:\/\/hollenberglightart.com\/de\/agb\/","url":"https:\/\/hollenberglightart.com\/de\/agb\/","name":"AGB \u2022 Light Art Stefan Hollenberg \u2022 Lichtkunst \u2022 Illuminationen","isPartOf":{"@id":"https:\/\/hollenberglightart.com\/de\/#website"},"datePublished":"2021-02-03T14:26:07+00:00","dateModified":"2025-07-16T14:56:15+00:00","description":"AGB \u2022 Light Art Stefan Hollenberg \u2022 International bekannter Lichtk\u00fcnstler +49 172 2424 877 \u2022 Company Event \u2022 Illuminationen \u2022 Projektionen","breadcrumb":{"@id":"https:\/\/hollenberglightart.com\/de\/agb\/#breadcrumb"},"inLanguage":"de","potentialAction":[{"@type":"ReadAction","target":["https:\/\/hollenberglightart.com\/de\/agb\/"]}]},{"@type":"BreadcrumbList","@id":"https:\/\/hollenberglightart.com\/de\/agb\/#breadcrumb","itemListElement":[{"@type":"ListItem","position":1,"name":"Startseite","item":"https:\/\/hollenberglightart.com\/de\/"},{"@type":"ListItem","position":2,"name":"Allgemeine Gesch\u00e4ftsbedingungen"}]},{"@type":"WebSite","@id":"https:\/\/hollenberglightart.com\/de\/#website","url":"https:\/\/hollenberglightart.com\/de\/","name":"Hollenberg Light Art","description":"International Light Artist  Lichtk\u00fcnstler Lichtkunst","publisher":{"@id":"https:\/\/hollenberglightart.com\/de\/#organization"},"potentialAction":[{"@type":"SearchAction","target":{"@type":"EntryPoint","urlTemplate":"https:\/\/hollenberglightart.com\/de\/?s={search_term_string}"},"query-input":{"@type":"PropertyValueSpecification","valueRequired":true,"valueName":"search_term_string"}}],"inLanguage":"de"},{"@type":"Organization","@id":"https:\/\/hollenberglightart.com\/de\/#organization","name":"Hollenberg Light Art","url":"https:\/\/hollenberglightart.com\/de\/","logo":{"@type":"ImageObject","inLanguage":"de","@id":"https:\/\/hollenberglightart.com\/de\/#\/schema\/logo\/image\/","url":"https:\/\/hollenberglightart.com\/wp-content\/uploads\/2019\/02\/Hollenberg-Light-Art-Logo-300.png","contentUrl":"https:\/\/hollenberglightart.com\/wp-content\/uploads\/2019\/02\/Hollenberg-Light-Art-Logo-300.png","width":300,"height":84,"caption":"Hollenberg Light Art"},"image":{"@id":"https:\/\/hollenberglightart.com\/de\/#\/schema\/logo\/image\/"}}]}},"_links":{"self":[{"href":"https:\/\/hollenberglightart.com\/de\/wp-json\/wp\/v2\/pages\/4733","targetHints":{"allow":["GET"]}}],"collection":[{"href":"https:\/\/hollenberglightart.com\/de\/wp-json\/wp\/v2\/pages"}],"about":[{"href":"https:\/\/hollenberglightart.com\/de\/wp-json\/wp\/v2\/types\/page"}],"author":[{"embeddable":true,"href":"https:\/\/hollenberglightart.com\/de\/wp-json\/wp\/v2\/users\/5"}],"replies":[{"embeddable":true,"href":"https:\/\/hollenberglightart.com\/de\/wp-json\/wp\/v2\/comments?post=4733"}],"version-history":[{"count":6,"href":"https:\/\/hollenberglightart.com\/de\/wp-json\/wp\/v2\/pages\/4733\/revisions"}],"predecessor-version":[{"id":7332,"href":"https:\/\/hollenberglightart.com\/de\/wp-json\/wp\/v2\/pages\/4733\/revisions\/7332"}],"wp:attachment":[{"href":"https:\/\/hollenberglightart.com\/de\/wp-json\/wp\/v2\/media?parent=4733"}],"curies":[{"name":"wp","href":"https:\/\/api.w.org\/{rel}","templated":true}]}}